{"id":33,"date":"2019-11-20T15:34:31","date_gmt":"2019-11-20T14:34:31","guid":{"rendered":"http:\/\/macartekdo.fr\/?page_id=33"},"modified":"2019-12-03T17:08:04","modified_gmt":"2019-12-03T16:08:04","slug":"activer-ma-carte","status":"publish","type":"page","link":"https:\/\/macartekdo.fr\/index.php\/activer-ma-carte\/","title":{"rendered":"ACTIVER MA CARTE"},"content":{"rendered":"\t\t<div data-elementor-type=\"wp-page\" data-elementor-id=\"33\" class=\"elementor elementor-33\">\n\t\t\t\t\t\t<section class=\"elementor-section elementor-top-section elementor-element elementor-element-02aa38b elementor-section-boxed elementor-section-height-default elementor-section-height-default\" data-id=\"02aa38b\" data-element_type=\"section\">\n\t\t\t\t\t\t<div class=\"elementor-container elementor-column-gap-default\">\n\t\t\t\t\t<div class=\"elementor-column elementor-col-100 elementor-top-column elementor-element elementor-element-1d13b85\" data-id=\"1d13b85\" data-element_type=\"column\">\n\t\t\t<div class=\"elementor-widget-wrap elementor-element-populated\">\n\t\t\t\t\t\t<div class=\"elementor-element elementor-element-80644c6 elementor-widget elementor-widget-heading\" data-id=\"80644c6\" data-element_type=\"widget\" data-widget_type=\"heading.default\">\n\t\t\t\t<div class=\"elementor-widget-container\">\n\t\t\t\t\t<h2 class=\"elementor-heading-title elementor-size-default\">COMMENT ACTIVER MA CARTE ? <\/h2>\t\t\t\t<\/div>\n\t\t\t\t<\/div>\n\t\t\t\t\t<\/div>\n\t\t<\/div>\n\t\t\t\t\t<\/div>\n\t\t<\/section>\n\t\t\t\t<section class=\"elementor-section elementor-top-section elementor-element elementor-element-b40e316 elementor-section-boxed elementor-section-height-default elementor-section-height-default\" data-id=\"b40e316\" data-element_type=\"section\">\n\t\t\t\t\t\t<div class=\"elementor-container elementor-column-gap-default\">\n\t\t\t\t\t<div class=\"elementor-column elementor-col-50 elementor-top-column elementor-element elementor-element-cbcf7f6\" data-id=\"cbcf7f6\" data-element_type=\"column\">\n\t\t\t<div class=\"elementor-widget-wrap elementor-element-populated\">\n\t\t\t\t\t\t<div class=\"elementor-element elementor-element-a9fb7c2 elementor-widget elementor-widget-text-editor\" data-id=\"a9fb7c2\" data-element_type=\"widget\" data-widget_type=\"text-editor.default\">\n\t\t\t\t<div class=\"elementor-widget-container\">\n\t\t\t\t\t\t\t\t\t<ol><li>Pour activer votre carte cliquer <a href=\"https:\/\/asp.adelya.com\/Adelyaview\/MASEVAUX\/giftcard\/Masevaux.html?lang=fr\" target=\"_blank\" rel=\"noopener\">ICI<\/a><\/li><li>Apr\u00e8s vous \u00eatre rendu sur le site internet, remplissez les informations demand\u00e9es concernant la carte KDO. <br \/><em><strong>Ces informations se trouvent au dos de la carte.<\/strong><\/em><\/li><li>Indiquez le code de v\u00e9rification (code s\u00e9curit\u00e9) \u00e0 3 chiffres<\/li><\/ol>\t\t\t\t\t\t\t\t<\/div>\n\t\t\t\t<\/div>\n\t\t\t\t\t<\/div>\n\t\t<\/div>\n\t\t\t\t<div class=\"elementor-column elementor-col-50 elementor-top-column elementor-element elementor-element-c81a7f8\" data-id=\"c81a7f8\" data-element_type=\"column\">\n\t\t\t<div class=\"elementor-widget-wrap elementor-element-populated\">\n\t\t\t\t\t\t<div class=\"elementor-element elementor-element-bab72ca elementor-widget elementor-widget-image\" data-id=\"bab72ca\" data-element_type=\"widget\" data-widget_type=\"image.default\">\n\t\t\t\t<div class=\"elementor-widget-container\">\n\t\t\t\t\t\t\t\t\t\t\t\t\t\t\t\t<a href=\"https:\/\/asp.adelya.com\/Adelyaview\/MASEVAUX\/giftcard\/Masevaux.html?lang=fr\" target=\"_blank\">\n\t\t\t\t\t\t\t<img fetchpriority=\"high\" decoding=\"async\" width=\"462\" height=\"597\" src=\"https:\/\/macartekdo.fr\/wp-content\/uploads\/2019\/11\/Activation-carte-KDO.jpg\" class=\"attachment-large size-large wp-image-92\" alt=\"\" srcset=\"https:\/\/macartekdo.fr\/wp-content\/uploads\/2019\/11\/Activation-carte-KDO.jpg 462w, https:\/\/macartekdo.fr\/wp-content\/uploads\/2019\/11\/Activation-carte-KDO-232x300.jpg 232w\" sizes=\"(max-width: 462px) 100vw, 462px\" \/>\t\t\t\t\t\t\t\t<\/a>\n\t\t\t\t\t\t\t\t\t\t\t\t\t\t\t<\/div>\n\t\t\t\t<\/div>\n\t\t\t\t\t<\/div>\n\t\t<\/div>\n\t\t\t\t\t<\/div>\n\t\t<\/section>\n\t\t\t\t<section class=\"elementor-section elementor-top-section elementor-element elementor-element-9745fa0 elementor-section-boxed elementor-section-height-default elementor-section-height-default\" data-id=\"9745fa0\" data-element_type=\"section\">\n\t\t\t\t\t\t<div class=\"elementor-container elementor-column-gap-default\">\n\t\t\t\t\t<div class=\"elementor-column elementor-col-100 elementor-top-column elementor-element elementor-element-0f1b858\" data-id=\"0f1b858\" data-element_type=\"column\">\n\t\t\t<div class=\"elementor-widget-wrap elementor-element-populated\">\n\t\t\t\t\t\t<div class=\"elementor-element elementor-element-d150ea7 elementor-widget elementor-widget-heading\" data-id=\"d150ea7\" data-element_type=\"widget\" data-widget_type=\"heading.default\">\n\t\t\t\t<div class=\"elementor-widget-container\">\n\t\t\t\t\t<h2 class=\"elementor-heading-title elementor-size-default\">MERCI \u00c0 NOS SPONSORS :<\/h2>\t\t\t\t<\/div>\n\t\t\t\t<\/div>\n\t\t\t\t\t<\/div>\n\t\t<\/div>\n\t\t\t\t\t<\/div>\n\t\t<\/section>\n\t\t\t\t<section class=\"elementor-section elementor-top-section elementor-element elementor-element-c101779 elementor-section-boxed elementor-section-height-default elementor-section-height-default\" data-id=\"c101779\" data-element_type=\"section\">\n\t\t\t\t\t\t<div class=\"elementor-container elementor-column-gap-default\">\n\t\t\t\t\t<div class=\"elementor-column elementor-col-100 elementor-top-column elementor-element elementor-element-5495036\" data-id=\"5495036\" data-element_type=\"column\">\n\t\t\t<div class=\"elementor-widget-wrap elementor-element-populated\">\n\t\t\t\t\t\t<div class=\"elementor-element elementor-element-3680887 elementor-widget elementor-widget-image\" data-id=\"3680887\" data-element_type=\"widget\" data-widget_type=\"image.default\">\n\t\t\t\t<div class=\"elementor-widget-container\">\n\t\t\t\t\t\t\t\t\t\t\t\t\t\t\t<img decoding=\"async\" width=\"673\" height=\"119\" src=\"https:\/\/macartekdo.fr\/wp-content\/uploads\/2019\/12\/partenaires-2.png\" class=\"attachment-large size-large wp-image-168\" alt=\"\" srcset=\"https:\/\/macartekdo.fr\/wp-content\/uploads\/2019\/12\/partenaires-2.png 673w, https:\/\/macartekdo.fr\/wp-content\/uploads\/2019\/12\/partenaires-2-300x53.png 300w\" sizes=\"(max-width: 673px) 100vw, 673px\" \/>\t\t\t\t\t\t\t\t\t\t\t\t\t\t\t<\/div>\n\t\t\t\t<\/div>\n\t\t\t\t\t<\/div>\n\t\t<\/div>\n\t\t\t\t\t<\/div>\n\t\t<\/section>\n\t\t\t\t<\/div>\n\t\t","protected":false},"excerpt":{"rendered":"<p>COMMENT ACTIVER MA CARTE ? Pour activer votre carte cliquer ICI Apr\u00e8s vous \u00eatre rendu sur le site internet, remplissez les informations demand\u00e9es concernant la carte KDO. Ces informations se trouvent au dos de la carte. Indiquez le code de v\u00e9rification (code s\u00e9curit\u00e9) \u00e0 3 chiffres MERCI \u00c0 NOS SPONSORS :<\/p>\n","protected":false},"author":1,"featured_media":0,"parent":0,"menu_order":0,"comment_status":"closed","ping_status":"closed","template":"","meta":{"_exactmetrics_skip_tracking":false,"_exactmetrics_sitenote_active":false,"_exactmetrics_sitenote_note":"","_exactmetrics_sitenote_category":0,"footnotes":""},"class_list":["post-33","page","type-page","status-publish","hentry"],"_links":{"self":[{"href":"https:\/\/macartekdo.fr\/index.php\/wp-json\/wp\/v2\/pages\/33","targetHints":{"allow":["GET"]}}],"collection":[{"href":"https:\/\/macartekdo.fr\/index.php\/wp-json\/wp\/v2\/pages"}],"about":[{"href":"https:\/\/macartekdo.fr\/index.php\/wp-json\/wp\/v2\/types\/page"}],"author":[{"embeddable":true,"href":"https:\/\/macartekdo.fr\/index.php\/wp-json\/wp\/v2\/users\/1"}],"replies":[{"embeddable":true,"href":"https:\/\/macartekdo.fr\/index.php\/wp-json\/wp\/v2\/comments?post=33"}],"version-history":[{"count":7,"href":"https:\/\/macartekdo.fr\/index.php\/wp-json\/wp\/v2\/pages\/33\/revisions"}],"predecessor-version":[{"id":169,"href":"https:\/\/macartekdo.fr\/index.php\/wp-json\/wp\/v2\/pages\/33\/revisions\/169"}],"wp:attachment":[{"href":"https:\/\/macartekdo.fr\/index.php\/wp-json\/wp\/v2\/media?parent=33"}],"curies":[{"name":"wp","href":"https:\/\/api.w.org\/{rel}","templated":true}]}}